{"id":194,"date":"2025-03-15T08:40:34","date_gmt":"2025-03-15T08:40:34","guid":{"rendered":"https:\/\/ddkl.digintu.ch\/?page_id=194"},"modified":"2025-03-15T08:40:34","modified_gmt":"2025-03-15T08:40:34","slug":"ke-stazeni","status":"publish","type":"page","link":"https:\/\/ddkl.digintu.ch\/?page_id=194","title":{"rendered":"Ke sta\u017een\u00ed"},"content":{"rendered":"<h2>P\u0159\u00edstup k informac\u00edm:<\/h2>\n<p>Pokyn \u0159editele \u0161koly k svobodn\u00e9mu p\u0159\u00edstupu k informac\u00edm a k ochran\u011b informac\u00ed (klikn\u011bte pro detailn\u00ed informace)<\/p>\n<h2>V\u00fdro\u010dn\u00ed zpr\u00e1vy:<\/h2>\n<p>V\u00fdro\u010dn\u00ed zpr\u00e1va 2017V\u00fdro\u010dn\u00ed zpr\u00e1va 2014V\u00fdro\u010dn\u00ed zpr\u00e1va 2013V\u00fdro\u010dn\u00ed zpr\u00e1va 2012V\u00fdro\u010dn\u00ed zpr\u00e1va 2011V\u00fdro\u010dn\u00ed zpr\u00e1va 2009-2010<\/p>\n<h2>Ostatn\u00ed:<\/h2>\n<ul>\n<li>Informace podatelna<\/li>\n<\/ul>\n<p>GDPR (doc)Strednedoby-vyhled-rozpoctu-prispevkove-organizace 2025St\u00e1hnoutRozpocet-ke-zverejneni 2025St\u00e1hnoutvnitrni-rad-posledni-verze-2024St\u00e1hnoutvnitrni-a-provozni-rad-jidelnySt\u00e1hnout<\/p>\n<p class=\"wpss_copy\">Content retrieved from: <a href=\"https:\/\/ddkl.cz\/ke-stazeni\/\" target=\"_blank\">https:\/\/ddkl.cz\/ke-stazeni\/<\/a>.<\/p>\n","protected":false},"excerpt":{"rendered":"<p>P\u0159\u00edstup k informac\u00edm: Pokyn \u0159editele \u0161koly k svobodn\u00e9mu p\u0159\u00edstupu k informac\u00edm a k ochran\u011b informac\u00ed (klikn\u011bte pro detailn\u00ed informace) V\u00fdro\u010dn\u00ed zpr\u00e1vy: V\u00fdro\u010dn\u00ed zpr\u00e1va 2017V\u00fdro\u010dn\u00ed zpr\u00e1va 2014V\u00fdro\u010dn\u00ed zpr\u00e1va 2013V\u00fdro\u010dn\u00ed zpr\u00e1va 2012V\u00fdro\u010dn\u00ed zpr\u00e1va 2011V\u00fdro\u010dn\u00ed zpr\u00e1va 2009-2010 Ostatn\u00ed: Informace podatelna GDPR (doc)Strednedoby-vyhled-rozpoctu-prispevkove-organizace 2025St\u00e1hnoutRozpocet-ke-zverejneni 2025St\u00e1hnoutvnitrni-rad-posledni-verze-2024St\u00e1hnoutvnitrni-a-provozni-rad-jidelnySt\u00e1hnout<\/p>\n","protected":false},"author":1,"featured_media":0,"parent":0,"menu_order":0,"comment_status":"closed","ping_status":"closed","template":"","meta":{"footnotes":""},"class_list":["post-194","page","type-page","status-publish","hentry"],"_links":{"self":[{"href":"https:\/\/ddkl.digintu.ch\/index.php?rest_route=\/wp\/v2\/pages\/194","targetHints":{"allow":["GET"]}}],"collection":[{"href":"https:\/\/ddkl.digintu.ch\/index.php?rest_route=\/wp\/v2\/pages"}],"about":[{"href":"https:\/\/ddkl.digintu.ch\/index.php?rest_route=\/wp\/v2\/types\/page"}],"author":[{"embeddable":true,"href":"https:\/\/ddkl.digintu.ch\/index.php?rest_route=\/wp\/v2\/users\/1"}],"replies":[{"embeddable":true,"href":"https:\/\/ddkl.digintu.ch\/index.php?rest_route=%2Fwp%2Fv2%2Fcomments&post=194"}],"version-history":[{"count":1,"href":"https:\/\/ddkl.digintu.ch\/index.php?rest_route=\/wp\/v2\/pages\/194\/revisions"}],"predecessor-version":[{"id":195,"href":"https:\/\/ddkl.digintu.ch\/index.php?rest_route=\/wp\/v2\/pages\/194\/revisions\/195"}],"wp:attachment":[{"href":"https:\/\/ddkl.digintu.ch\/index.php?rest_route=%2Fwp%2Fv2%2Fmedia&parent=194"}],"curies":[{"name":"wp","href":"https:\/\/api.w.org\/{rel}","templated":true}]}}