{"id":196,"date":"2025-03-15T08:41:15","date_gmt":"2025-03-15T08:41:15","guid":{"rendered":"https:\/\/ddkl.digintu.ch\/?page_id=196"},"modified":"2025-03-15T08:41:15","modified_gmt":"2025-03-15T08:41:15","slug":"nadacni-programy","status":"publish","type":"page","link":"https:\/\/ddkl.digintu.ch\/?page_id=196","title":{"rendered":"Nada\u010dn\u00ed programy"},"content":{"rendered":"<p>Nadace Pra\u017esk\u00e9 d\u011bti \u2013 JUDr. Dana Mar\u0161\u00e1lkov\u00e1<\/p>\n<p>Nadace Srdce na Dlani<\/p>\n<p class=\"wpss_copy\">Content retrieved from: <a href=\"https:\/\/ddkl.cz\/nadacni-programy\/\" target=\"_blank\">https:\/\/ddkl.cz\/nadacni-programy\/<\/a>.<\/p>\n","protected":false},"excerpt":{"rendered":"<p>Nadace Pra\u017esk\u00e9 d\u011bti \u2013 JUDr. Dana Mar\u0161\u00e1lkov\u00e1 Nadace Srdce na Dlani<\/p>\n","protected":false},"author":1,"featured_media":0,"parent":0,"menu_order":0,"comment_status":"closed","ping_status":"closed","template":"","meta":{"footnotes":""},"class_list":["post-196","page","type-page","status-publish","hentry"],"_links":{"self":[{"href":"https:\/\/ddkl.digintu.ch\/index.php?rest_route=\/wp\/v2\/pages\/196","targetHints":{"allow":["GET"]}}],"collection":[{"href":"https:\/\/ddkl.digintu.ch\/index.php?rest_route=\/wp\/v2\/pages"}],"about":[{"href":"https:\/\/ddkl.digintu.ch\/index.php?rest_route=\/wp\/v2\/types\/page"}],"author":[{"embeddable":true,"href":"https:\/\/ddkl.digintu.ch\/index.php?rest_route=\/wp\/v2\/users\/1"}],"replies":[{"embeddable":true,"href":"https:\/\/ddkl.digintu.ch\/index.php?rest_route=%2Fwp%2Fv2%2Fcomments&post=196"}],"version-history":[{"count":1,"href":"https:\/\/ddkl.digintu.ch\/index.php?rest_route=\/wp\/v2\/pages\/196\/revisions"}],"predecessor-version":[{"id":197,"href":"https:\/\/ddkl.digintu.ch\/index.php?rest_route=\/wp\/v2\/pages\/196\/revisions\/197"}],"wp:attachment":[{"href":"https:\/\/ddkl.digintu.ch\/index.php?rest_route=%2Fwp%2Fv2%2Fmedia&parent=196"}],"curies":[{"name":"wp","href":"https:\/\/api.w.org\/{rel}","templated":true}]}}