{"id":198,"date":"2025-03-15T08:42:21","date_gmt":"2025-03-15T08:42:21","guid":{"rendered":"https:\/\/ddkl.digintu.ch\/?page_id=198"},"modified":"2025-03-15T08:42:21","modified_gmt":"2025-03-15T08:42:21","slug":"o-nas","status":"publish","type":"page","link":"https:\/\/ddkl.digintu.ch\/?page_id=198","title":{"rendered":"O n\u00e1s"},"content":{"rendered":"<h1>D\u011btsk\u00fd domov a \u0160koln\u00ed j\u00eddelna<\/h1>\n<p>Z\u00e1kladn\u00edm posl\u00e1n\u00edm domova je zabezpe\u010den\u00ed p\u00e9\u010de o d\u011bti dle z\u00e1kona \u010d. 109\/2002 Sb. o \u0161kolsk\u00fdch za\u0159\u00edzen\u00edch pro v\u00fdkon \u00fastavn\u00ed v\u00fdchovy a ochrann\u00e9 v\u00fdchovy.<\/p>\n<p>C\u00edlem je v\u00fdchova osobnosti tak, aby bylo schopn\u00e9 se v \u017eivot\u011b dob\u0159e uplat\u0148ovat. V domov\u011b se umis\u0165uj\u00ed p\u0159edev\u0161\u00edm d\u011bti ve v\u011bku od 3 do 18 let a dokon\u010den\u00ed p\u0159\u00edpravy na budouc\u00ed povol\u00e1n\u00ed. D\u011btsk\u00fd domov m\u00e1 t\u0159i koedukovan\u00e9 \u00a8rodinn\u00e9 skupiny slo\u017een\u00e9 z v\u011bkov\u011b heterogenn\u00edch kolektiv\u016f d\u011bt\u00ed. P\u0159ihl\u00ed\u017e\u00ed se k udr\u017eov\u00e1n\u00ed sourozeneck\u00fdch vztah\u016f.Hospod\u00e1\u0159sk\u00e1 \u010dinnost d\u011btsk\u00e9ho domova je organizov\u00e1na v souladu se z\u0159izovac\u00ed listinou.<\/p>\n<p>\u201eKa\u017ed\u00e9 d\u00edt\u011b m\u00e1 pr\u00e1vo na slu\u0161n\u00e9 zach\u00e1zen\u00ed, pochopen\u00ed a l\u00e1sku. Pokud se nenajde rodina, kter\u00e1 mu toto poskytne, pak je tu d\u011btsk\u00fd domov. D\u011btsk\u00fd domov je \u0161ance, kdo chce vyu\u017eije ji. V d\u011btsk\u00e9m domov\u011b najde pochopen\u00ed, \u00factu, pomoc.\u201c<\/p>\n<p class=\"wpss_copy\">Content retrieved from: <a href=\"https:\/\/ddkl.cz\/about\/\" target=\"_blank\">https:\/\/ddkl.cz\/about\/<\/a>.<\/p>\n","protected":false},"excerpt":{"rendered":"<p>D\u011btsk\u00fd domov a \u0160koln\u00ed j\u00eddelna Z\u00e1kladn\u00edm posl\u00e1n\u00edm domova je zabezpe\u010den\u00ed p\u00e9\u010de o d\u011bti dle z\u00e1kona \u010d. 109\/2002 Sb. o \u0161kolsk\u00fdch za\u0159\u00edzen\u00edch pro v\u00fdkon \u00fastavn\u00ed v\u00fdchovy a ochrann\u00e9 v\u00fdchovy. C\u00edlem je v\u00fdchova osobnosti tak, aby bylo schopn\u00e9 se v \u017eivot\u011b dob\u0159e uplat\u0148ovat. V domov\u011b se umis\u0165uj\u00ed p\u0159edev\u0161\u00edm d\u011bti ve v\u011bku od 3 do 18 let a [&#8230;]<\/p>\n","protected":false},"author":1,"featured_media":0,"parent":0,"menu_order":0,"comment_status":"closed","ping_status":"closed","template":"","meta":{"footnotes":""},"class_list":["post-198","page","type-page","status-publish","hentry"],"_links":{"self":[{"href":"https:\/\/ddkl.digintu.ch\/index.php?rest_route=\/wp\/v2\/pages\/198","targetHints":{"allow":["GET"]}}],"collection":[{"href":"https:\/\/ddkl.digintu.ch\/index.php?rest_route=\/wp\/v2\/pages"}],"about":[{"href":"https:\/\/ddkl.digintu.ch\/index.php?rest_route=\/wp\/v2\/types\/page"}],"author":[{"embeddable":true,"href":"https:\/\/ddkl.digintu.ch\/index.php?rest_route=\/wp\/v2\/users\/1"}],"replies":[{"embeddable":true,"href":"https:\/\/ddkl.digintu.ch\/index.php?rest_route=%2Fwp%2Fv2%2Fcomments&post=198"}],"version-history":[{"count":1,"href":"https:\/\/ddkl.digintu.ch\/index.php?rest_route=\/wp\/v2\/pages\/198\/revisions"}],"predecessor-version":[{"id":199,"href":"https:\/\/ddkl.digintu.ch\/index.php?rest_route=\/wp\/v2\/pages\/198\/revisions\/199"}],"wp:attachment":[{"href":"https:\/\/ddkl.digintu.ch\/index.php?rest_route=%2Fwp%2Fv2%2Fmedia&parent=198"}],"curies":[{"name":"wp","href":"https:\/\/api.w.org\/{rel}","templated":true}]}}